{"id":1026,"date":"2025-09-09T12:29:38","date_gmt":"2025-09-09T10:29:38","guid":{"rendered":"https:\/\/www.zaitrus.de\/?page_id=1026"},"modified":"2026-01-21T15:14:01","modified_gmt":"2026-01-21T14:14:01","slug":"use-cases","status":"publish","type":"page","link":"https:\/\/www.zaitrus.de\/en\/use-cases\/","title":{"rendered":"Application Areas"},"content":{"rendered":"<div data-elementor-type=\"wp-page\" data-elementor-id=\"1026\" class=\"elementor elementor-1026\" data-elementor-post-type=\"page\">\n\t\t\t\t<div class=\"elementor-element elementor-element-0908163 e-flex e-con-boxed e-con e-parent\" data-id=\"0908163\" data-element_type=\"container\" data-e-type=\"container\">\n\t\t\t\t\t<div class=\"e-con-inner\">\n\t\t\t\t<div class=\"elementor-element elementor-element-9f68c3d elementor-widget elementor-widget-spacer\" data-id=\"9f68c3d\" data-element_type=\"widget\" data-e-type=\"widget\" data-widget_type=\"spacer.default\">\n\t\t\t\t\t\t\t<div class=\"elementor-spacer\">\n\t\t\t<div class=\"elementor-spacer-inner\"><\/div>\n\t\t<\/div>\n\t\t\t\t\t\t<\/div>\n\t\t\t\t\t<\/div>\n\t\t\t\t<\/div>\n\t\t<div class=\"elementor-element elementor-element-63c7f94 e-flex e-con-boxed e-con e-parent\" data-id=\"63c7f94\" data-element_type=\"container\" data-e-type=\"container\" data-settings=\"{&quot;background_background&quot;:&quot;classic&quot;}\">\n\t\t\t\t\t<div class=\"e-con-inner\">\n\t\t<div class=\"elementor-element elementor-element-d8a177d e-con-full e-flex e-con e-child\" data-id=\"d8a177d\" data-element_type=\"container\" data-e-type=\"container\">\n\t\t\t\t<div class=\"elementor-element elementor-element-1e2ccfc elementor-widget elementor-widget-heading\" data-id=\"1e2ccfc\" data-element_type=\"widget\" data-e-type=\"widget\" data-widget_type=\"heading.default\">\n\t\t\t\t\t<h2 class=\"elementor-heading-title elementor-size-default\">Application Areas<\/h2>\t\t\t\t<\/div>\n\t\t\t\t<div class=\"elementor-element elementor-element-7180886 elementor-widget elementor-widget-text-editor\" data-id=\"7180886\" data-element_type=\"widget\" data-e-type=\"widget\" data-widget_type=\"text-editor.default\">\n\t\t\t\t\t\t\t\t\t<p>Current Use Cases<\/p>\t\t\t\t\t\t\t\t<\/div>\n\t\t\t\t<\/div>\n\t\t<div class=\"elementor-element elementor-element-df736eb e-con-full elementor-hidden-mobile e-flex e-con e-child\" data-id=\"df736eb\" data-element_type=\"container\" data-e-type=\"container\">\n\t\t\t\t<div class=\"elementor-element elementor-element-91fda1c elementor-hidden-mobile elementor-hidden-tablet elementor-widget elementor-widget-text-editor\" data-id=\"91fda1c\" data-element_type=\"widget\" data-e-type=\"widget\" data-widget_type=\"text-editor.default\">\n\t\t\t\t\t\t\t\t\t<p><strong>Industry solutions<\/strong> for\u00a0<\/p><p><strong>\u00a0micro particle monitoring<\/strong>\u00a0\u2013 Discover\u00a0<\/p><p>our technology in <strong>action<\/strong>.<\/p>\t\t\t\t\t\t\t\t<\/div>\n\t\t\t\t<div class=\"elementor-element elementor-element-920f37a elementor-hidden-mobile elementor-hidden-desktop elementor-widget elementor-widget-text-editor\" data-id=\"920f37a\" data-element_type=\"widget\" data-e-type=\"widget\" data-widget_type=\"text-editor.default\">\n\t\t\t\t\t\t\t\t\t<p style=\"font-size: 17px; font-style: normal;\"><strong>Industry solutions<\/strong>\u00a0for\u00a0<\/p><p style=\"font-size: 17px; font-style: normal;\"><strong>\u00a0micro particle monitoring<\/strong>\u00a0\u2013 Discover\u00a0<\/p><p style=\"font-size: 17px; font-style: normal;\">our technology in\u00a0<strong>action<\/strong>.<\/p>\t\t\t\t\t\t\t\t<\/div>\n\t\t\t\t<\/div>\n\t\t<div class=\"elementor-element elementor-element-8578249 e-con-full elementor-hidden-desktop elementor-hidden-tablet e-flex e-con e-child\" data-id=\"8578249\" data-element_type=\"container\" data-e-type=\"container\">\n\t\t\t\t<div class=\"elementor-element elementor-element-9c50145 elementor-widget elementor-widget-text-editor\" data-id=\"9c50145\" data-element_type=\"widget\" data-e-type=\"widget\" data-widget_type=\"text-editor.default\">\n\t\t\t\t\t\t\t\t\t<p><strong>Industry solutions<\/strong> for\u00a0<\/p><p><strong>\u00a0micro particle monitoring<\/strong>\u00a0\u2013 Discover\u00a0<\/p><p>our technology in <strong>action<\/strong>.<\/p>\t\t\t\t\t\t\t\t<\/div>\n\t\t\t\t<\/div>\n\t\t\t\t\t<\/div>\n\t\t\t\t<\/div>\n\t\t<div class=\"elementor-element elementor-element-91a298e e-flex e-con-boxed e-con e-parent\" data-id=\"91a298e\" data-element_type=\"container\" data-e-type=\"container\">\n\t\t\t\t\t<div class=\"e-con-inner\">\n\t\t\t\t<div class=\"elementor-element elementor-element-0acec26 elementor-widget-divider--view-line elementor-widget elementor-widget-divider\" data-id=\"0acec26\" data-element_type=\"widget\" data-e-type=\"widget\" data-widget_type=\"divider.default\">\n\t\t\t\t\t\t\t<div class=\"elementor-divider\">\n\t\t\t<span class=\"elementor-divider-separator\">\n\t\t\t\t\t\t<\/span>\n\t\t<\/div>\n\t\t\t\t\t\t<\/div>\n\t\t\t\t\t<\/div>\n\t\t\t\t<\/div>\n\t\t<div class=\"elementor-element elementor-element-822886c e-flex e-con-boxed e-con e-parent\" data-id=\"822886c\" data-element_type=\"container\" data-e-type=\"container\">\n\t\t\t\t\t<div class=\"e-con-inner\">\n\t\t\t\t<div class=\"elementor-element elementor-element-f81f573 elementor-hidden-desktop elementor-hidden-tablet elementor-widget-divider--view-line elementor-widget elementor-widget-divider\" data-id=\"f81f573\" data-element_type=\"widget\" data-e-type=\"widget\" data-widget_type=\"divider.default\">\n\t\t\t\t\t\t\t<div class=\"elementor-divider\">\n\t\t\t<span class=\"elementor-divider-separator\">\n\t\t\t\t\t\t<\/span>\n\t\t<\/div>\n\t\t\t\t\t\t<\/div>\n\t\t\t\t<div class=\"elementor-element elementor-element-d16c961 elementor-widget elementor-widget-shortcode\" data-id=\"d16c961\" data-element_type=\"widget\" data-e-type=\"widget\" data-widget_type=\"shortcode.default\">\n\t\t\t\t\t\t\t<div class=\"elementor-shortcode\">        <div class=\"zaitrus-usecases-wrapper\">\n            <div class=\"zaitrus-usecases\">\n                                    <div class=\"zaitrus-usecase-item\">\n                        <a class=\"zaitrus-usecase-link\"\n                        href=\"https:\/\/www.zaitrus.de\/en\/anwendungsbereiche-abwasserbehandlung\/\">\n                            <div class=\"zaitrus-usecase-inner\" style=\"background-image:url(&#039;https:\/\/www.zaitrus.de\/wp-content\/uploads\/2025\/11\/AdobeStock_1009824808-1024x574.jpeg&#039;);--zaitrus-overlay:#28697CBF;--zaitrus-text:#FFFFFF;\">\n                                <div class=\"zaitrus-usecase-overlay\">\n                                    <div class=\"zaitrus-usecase-overlay-content\">\n                                        <h3 class=\"zaitrus-usecase-title\">\n                                            <span>Wastewater<\/span>\n                                        <\/h3>\n                                        <div class=\"zaitrus-usecase-bottom\">\n                                                                                            <span class=\"zaitrus-usecase-icon\">\n                                                    <i class=\"fa-solid fa-droplet\"><\/i>\n                                                <\/span>\n                                                                                                                                        <p class=\"zaitrus-usecase-desc\">Continuous measurement for increased water quality and compliance. &nbsp;<\/p>\n                                                                                    <\/div>\n                                    <\/div>\n                                <\/div>\n                            <\/div>\n                        <\/a>\n                    <\/div>\n                                    <div class=\"zaitrus-usecase-item\">\n                        <a class=\"zaitrus-usecase-link\"\n                        href=\"https:\/\/www.zaitrus.de\/en\/anwendungsbereiche-lebensmittelindustrie\/\">\n                            <div class=\"zaitrus-usecase-inner\" style=\"background-image:url(&#039;https:\/\/www.zaitrus.de\/wp-content\/uploads\/2025\/11\/Lebensmittelindustrie_Karussell-1024x709.png&#039;);--zaitrus-overlay:#EFEDE9CF;--zaitrus-text:#FFFFFF;\">\n                                <div class=\"zaitrus-usecase-overlay\">\n                                    <div class=\"zaitrus-usecase-overlay-content\">\n                                        <h3 class=\"zaitrus-usecase-title\">\n                                            <span>Food<\/span>\n                                        <\/h3>\n                                        <div class=\"zaitrus-usecase-bottom\">\n                                                                                            <span class=\"zaitrus-usecase-icon\">\n                                                    <i class=\"fas fa-wheat-awn\"><\/i>\n                                                <\/span>\n                                                                                                                                        <p class=\"zaitrus-usecase-desc\">Quality assurance through turbidity-independent sensor technology.<\/p>\n                                                                                    <\/div>\n                                    <\/div>\n                                <\/div>\n                            <\/div>\n                        <\/a>\n                    <\/div>\n                                    <div class=\"zaitrus-usecase-item\">\n                        <a class=\"zaitrus-usecase-link\"\n                        href=\"https:\/\/www.zaitrus.de\/en\/anwendungsbereiche-umweltueberwachung-forschung\/\">\n                            <div class=\"zaitrus-usecase-inner\" style=\"background-image:url(&#039;https:\/\/www.zaitrus.de\/wp-content\/uploads\/2025\/11\/Umweltueberwachug_Forschung_Karussell-1024x709.png&#039;);--zaitrus-overlay:#79843CC9;--zaitrus-text:#FFFFFF;\">\n                                <div class=\"zaitrus-usecase-overlay\">\n                                    <div class=\"zaitrus-usecase-overlay-content\">\n                                        <h3 class=\"zaitrus-usecase-title\">\n                                            <span>Analytics<\/span>\n                                        <\/h3>\n                                        <div class=\"zaitrus-usecase-bottom\">\n                                                                                                                                        <p class=\"zaitrus-usecase-desc\">Reliable data basis for research and environmental assessment.<\/p>\n                                                                                    <\/div>\n                                    <\/div>\n                                <\/div>\n                            <\/div>\n                        <\/a>\n                    <\/div>\n                                    <div class=\"zaitrus-usecase-item\">\n                        <a class=\"zaitrus-usecase-link\"\n                        href=\"https:\/\/www.zaitrus.de\/en\/anwendungsbereiche-chemische-industrie\/\">\n                            <div class=\"zaitrus-usecase-inner\" style=\"background-image:url(&#039;https:\/\/www.zaitrus.de\/wp-content\/uploads\/2025\/11\/Chemische-Industrie_Karussell-1024x709.png&#039;);--zaitrus-overlay:#56749BD1;--zaitrus-text:#FFFFFF;\">\n                                <div class=\"zaitrus-usecase-overlay\">\n                                    <div class=\"zaitrus-usecase-overlay-content\">\n                                        <h3 class=\"zaitrus-usecase-title\">\n                                            <span>Processing industry<\/span>\n                                        <\/h3>\n                                        <div class=\"zaitrus-usecase-bottom\">\n                                                                                                                                        <p class=\"zaitrus-usecase-desc\">Precise measurement for maximum purity.<\/p>\n                                                                                    <\/div>\n                                    <\/div>\n                                <\/div>\n                            <\/div>\n                        <\/a>\n                    <\/div>\n                            <\/div>\n        <\/div>\n        <\/div>\n\t\t\t\t\t\t<\/div>\n\t\t\t\t\t<\/div>\n\t\t\t\t<\/div>\n\t\t<div class=\"elementor-element elementor-element-e1f870c e-flex e-con-boxed e-con e-parent\" data-id=\"e1f870c\" data-element_type=\"container\" data-e-type=\"container\">\n\t\t\t\t\t<div class=\"e-con-inner\">\n\t\t\t\t<div class=\"elementor-element elementor-element-2d46caf elementor-widget elementor-widget-spacer\" data-id=\"2d46caf\" data-element_type=\"widget\" data-e-type=\"widget\" data-widget_type=\"spacer.default\">\n\t\t\t\t\t\t\t<div class=\"elementor-spacer\">\n\t\t\t<div class=\"elementor-spacer-inner\"><\/div>\n\t\t<\/div>\n\t\t\t\t\t\t<\/div>\n\t\t\t\t\t<\/div>\n\t\t\t\t<\/div>\n\t\t<div class=\"elementor-element elementor-element-e6acbfb e-flex e-con-boxed e-con e-parent\" data-id=\"e6acbfb\" data-element_type=\"container\" data-e-type=\"container\" data-settings=\"{&quot;background_background&quot;:&quot;classic&quot;}\">\n\t\t\t\t\t<div class=\"e-con-inner\">\n\t\t\t\t<div class=\"elementor-element elementor-element-647f4f1 elementor-widget elementor-widget-heading\" data-id=\"647f4f1\" data-element_type=\"widget\" data-e-type=\"widget\" data-widget_type=\"heading.default\">\n\t\t\t\t\t<h3 class=\"elementor-heading-title elementor-size-default\">Industry solutions for microparticle monitoring in use.<\/h3>\t\t\t\t<\/div>\n\t\t\t\t<div class=\"elementor-element elementor-element-72f958f elementor-widget elementor-widget-text-editor\" data-id=\"72f958f\" data-element_type=\"widget\" data-e-type=\"widget\" data-widget_type=\"text-editor.default\">\n\t\t\t\t\t\t\t\t\t<p>ZAITRUS supports users from a wide range of industries in effectively detecting, analyzing, and managing micro particles in liquids. Whether microplastics in wastewater treatment or environmental monitoring, harmful particles such as plastic, metal, or glass in food and beverage production, or other materials in other industries - our sensor solution adapts to your requirements. Get an overview of the most important areas of application here and go directly to the relevant use cases, or request your own use case.<\/p>\t\t\t\t\t\t\t\t<\/div>\n\t\t\t\t\t<\/div>\n\t\t\t\t<\/div>\n\t\t\t\t<\/div>","protected":false},"excerpt":{"rendered":"<p>Anwendungsbereiche Aktuelle Use Cases Branchenl\u00f6sungen f\u00fcr\u00a0 \u00a0die Mikropartikel\u00fcberwachung\u00a0&#8211; Entdecken Sie\u00a0 unsere Technologie\u00a0im Einsatz. Branchenl\u00f6sungen\u00a0f\u00fcr\u00a0 \u00a0die Mikropartikel\u00fcberwachung\u00a0&#8211; Entdecken Sie\u00a0 unsere Technologie\u00a0im\u00a0Einsatz. Branchenl\u00f6sungen f\u00fcr\u00a0 \u00a0die Mikropartikel\u00fcberwachung\u00a0&#8211; Entdecken Sie\u00a0 unsere Technologie\u00a0im Einsatz. Branchenl\u00f6sungen f\u00fcr die Mikropartikel\u00fcberwachung im Einsatz. ZAITRUS unterst\u00fctzt Nutzer aus verschiedensten Branchen dabei, Mikropartikel in Fl\u00fcssigkeiten effektiv zu erkennen, zu analysieren und zu managen. Ob Mikroplastik [&hellip;]<\/p>\n","protected":false},"author":5,"featured_media":0,"parent":0,"menu_order":0,"comment_status":"closed","ping_status":"closed","template":"elementor_header_footer","meta":{"site-sidebar-layout":"no-sidebar","site-content-layout":"page-builder","ast-site-content-layout":"full-width-container","site-content-style":"unboxed","site-sidebar-style":"unboxed","ast-global-header-display":"","ast-banner-title-visibility":"","ast-main-header-display":"","ast-hfb-above-header-display":"","ast-hfb-below-header-display":"","ast-hfb-mobile-header-display":"","site-post-title":"disabled","ast-breadcrumbs-content":"","ast-featured-img":"disabled","footer-sml-layout":"","ast-disable-related-posts":"","theme-transparent-header-meta":"","adv-header-id-meta":"","stick-header-meta":"","header-above-stick-meta":"","header-main-stick-meta":"","header-below-stick-meta":"","astra-migrate-meta-layouts":"set","ast-page-background-enabled":"default","ast-page-background-meta":{"desktop":{"background-color":"","background-image":"","background-repeat":"repeat","background-position":"center center","background-size":"auto","background-attachment":"scroll","background-type":"","background-media":"","overlay-type":"","overlay-color":"","overlay-opacity":"","overlay-gradient":""},"tablet":{"background-color":"","background-image":"","background-repeat":"repeat","background-position":"center center","background-size":"auto","background-attachment":"scroll","background-type":"","background-media":"","overlay-type":"","overlay-color":"","overlay-opacity":"","overlay-gradient":""},"mobile":{"background-color":"","background-image":"","background-repeat":"repeat","background-position":"center center","background-size":"auto","background-attachment":"scroll","background-type":"","background-media":"","overlay-type":"","overlay-color":"","overlay-opacity":"","overlay-gradient":""}},"ast-content-background-meta":{"desktop":{"background-color":"var(--ast-global-color-5)","background-image":"","background-repeat":"repeat","background-position":"center center","background-size":"auto","background-attachment":"scroll","background-type":"","background-media":"","overlay-type":"","overlay-color":"","overlay-opacity":"","overlay-gradient":""},"tablet":{"background-color":"var(--ast-global-color-5)","background-image":"","background-repeat":"repeat","background-position":"center center","background-size":"auto","background-attachment":"scroll","background-type":"","background-media":"","overlay-type":"","overlay-color":"","overlay-opacity":"","overlay-gradient":""},"mobile":{"background-color":"var(--ast-global-color-5)","background-image":"","background-repeat":"repeat","background-position":"center center","background-size":"auto","background-attachment":"scroll","background-type":"","background-media":"","overlay-type":"","overlay-color":"","overlay-opacity":"","overlay-gradient":""}},"footnotes":""},"class_list":["post-1026","page","type-page","status-publish","hentry"],"_links":{"self":[{"href":"https:\/\/www.zaitrus.de\/en\/wp-json\/wp\/v2\/pages\/1026","targetHints":{"allow":["GET"]}}],"collection":[{"href":"https:\/\/www.zaitrus.de\/en\/wp-json\/wp\/v2\/pages"}],"about":[{"href":"https:\/\/www.zaitrus.de\/en\/wp-json\/wp\/v2\/types\/page"}],"author":[{"embeddable":true,"href":"https:\/\/www.zaitrus.de\/en\/wp-json\/wp\/v2\/users\/5"}],"replies":[{"embeddable":true,"href":"https:\/\/www.zaitrus.de\/en\/wp-json\/wp\/v2\/comments?post=1026"}],"version-history":[{"count":206,"href":"https:\/\/www.zaitrus.de\/en\/wp-json\/wp\/v2\/pages\/1026\/revisions"}],"predecessor-version":[{"id":5526,"href":"https:\/\/www.zaitrus.de\/en\/wp-json\/wp\/v2\/pages\/1026\/revisions\/5526"}],"wp:attachment":[{"href":"https:\/\/www.zaitrus.de\/en\/wp-json\/wp\/v2\/media?parent=1026"}],"curies":[{"name":"wp","href":"https:\/\/api.w.org\/{rel}","templated":true}]}}