{"id":4261,"date":"2025-12-03T09:55:19","date_gmt":"2025-12-03T08:55:19","guid":{"rendered":"https:\/\/www.zaitrus.de\/?page_id=4261"},"modified":"2025-12-03T11:46:29","modified_gmt":"2025-12-03T10:46:29","slug":"impressum","status":"publish","type":"page","link":"https:\/\/www.zaitrus.de\/en\/impressum\/","title":{"rendered":"Legal Notice"},"content":{"rendered":"<div data-elementor-type=\"wp-page\" data-elementor-id=\"4261\" class=\"elementor elementor-4261\" data-elementor-post-type=\"page\">\n\t\t\t\t<div class=\"elementor-element elementor-element-0d71c39 e-flex e-con-boxed e-con e-parent\" data-id=\"0d71c39\" data-element_type=\"container\" data-e-type=\"container\">\n\t\t\t\t\t<div class=\"e-con-inner\">\n\t\t\t\t<div class=\"elementor-element elementor-element-bb9dcfb elementor-widget elementor-widget-spacer\" data-id=\"bb9dcfb\" data-element_type=\"widget\" data-e-type=\"widget\" data-widget_type=\"spacer.default\">\n\t\t\t\t\t\t\t<div class=\"elementor-spacer\">\n\t\t\t<div class=\"elementor-spacer-inner\"><\/div>\n\t\t<\/div>\n\t\t\t\t\t\t<\/div>\n\t\t\t\t\t<\/div>\n\t\t\t\t<\/div>\n\t\t<div class=\"elementor-element elementor-element-f6ba8fa e-flex e-con-boxed e-con e-parent\" data-id=\"f6ba8fa\" data-element_type=\"container\" data-e-type=\"container\">\n\t\t\t\t\t<div class=\"e-con-inner\">\n\t\t<div class=\"elementor-element elementor-element-cc68c78 e-con-full e-flex e-con e-child\" data-id=\"cc68c78\" data-element_type=\"container\" data-e-type=\"container\">\n\t\t\t\t<div class=\"elementor-element elementor-element-7380997 elementor-widget elementor-widget-heading\" data-id=\"7380997\" data-element_type=\"widget\" data-e-type=\"widget\" data-widget_type=\"heading.default\">\n\t\t\t\t\t<h2 class=\"elementor-heading-title elementor-size-default\">Legal Notice<\/h2>\t\t\t\t<\/div>\n\t\t\t\t<div class=\"elementor-element elementor-element-4c472d5 elementor-widget elementor-widget-text-editor\" data-id=\"4c472d5\" data-element_type=\"widget\" data-e-type=\"widget\" data-widget_type=\"text-editor.default\">\n\t\t\t\t\t\t\t\t\t<p><strong>Information pursuant to Section 5 of the German Telemedia Act (TMG):<\/strong><\/p><p class=\"translation-block\">ZAITRUS GmbH<br>Alexanderstra\u00dfe 2<br>95444 Bayreuth<br>Deutschland<\/p><p>\u00a0<\/p><p><a style=\"color: #94c11f; text-decoration: none;\" href=\"https:\/\/www.zaitrus.de\/en\/\">Website: https:\/\/www.zaitrus.de<\/a><\/p><p>\u00a0<\/p><p><strong>Contact<\/strong><\/p><p><a style=\"color: #94c11f; text-decoration: none;\" href=\"mailto:info@zaitrus.de\">info@zaitrus.de<\/a><\/p><p>Responsible for content pursuant to Section 18 (2) of the German State Media Treaty (MStV): Vincent G\u00f6dde<\/p><p>Managing Directors (authorized representatives):\nTill Zwede &amp; Jens Pfeiffer<\/p><p>\u00a0<\/p><p>Commercial Register:\nHRB 8085<\/p><p>Register Court:\nDistrict Court (Amtsgericht) Bayreuth<\/p><p>VAT Identification Number pursuant to Section 27a of the German VAT Act (UStG):\nDE 366496234<\/p>\t\t\t\t\t\t\t\t<\/div>\n\t\t\t\t<\/div>\n\t\t\t\t\t<\/div>\n\t\t\t\t<\/div>\n\t\t\t\t<\/div>","protected":false},"excerpt":{"rendered":"<p>Impressum Angaben gem. \u00a7 5 TMG: ZAITRUS GmbHAlexanderstra\u00dfe 295444 BayreuthDeutschland \u00a0 www.zaitrus.de \u00a0 Kontakt info@zaitrus.de Inhaltlich Verantwortlicher gem. \u00a7 18 Abs. 2 MStV: Vincent G\u00f6dde Vertretungsberechtiger Gesch\u00e4ftsf\u00fchrer: Till Zwede &amp; Jens Pfeiffer \u00a0 Handelsregister: HRB 8085 Registergericht: Amtsgericht Bayreuth Umsatzsteuer-Identifikationsnummer gem. \u00a7 27a UStG: DE 366496234<\/p>","protected":false},"author":7,"featured_media":0,"parent":0,"menu_order":0,"comment_status":"closed","ping_status":"closed","template":"","meta":{"site-sidebar-layout":"no-sidebar","site-content-layout":"page-builder","ast-site-content-layout":"full-width-container","site-content-style":"default","site-sidebar-style":"default","ast-global-header-display":"","ast-banner-title-visibility":"","ast-main-header-display":"","ast-hfb-above-header-display":"","ast-hfb-below-header-display":"","ast-hfb-mobile-header-display":"","site-post-title":"","ast-breadcrumbs-content":"","ast-featured-img":"disabled","footer-sml-layout":"","ast-disable-related-posts":"","theme-transparent-header-meta":"","adv-header-id-meta":"","stick-header-meta":"","header-above-stick-meta":"","header-main-stick-meta":"","header-below-stick-meta":"","astra-migrate-meta-layouts":"default","ast-page-background-enabled":"default","ast-page-background-meta":{"desktop":{"background-color":"","background-image":"","background-repeat":"repeat","background-position":"center center","background-size":"auto","background-attachment":"scroll","background-type":"","background-media":"","overlay-type":"","overlay-color":"","overlay-opacity":"","overlay-gradient":""},"tablet":{"background-color":"","background-image":"","background-repeat":"repeat","background-position":"center center","background-size":"auto","background-attachment":"scroll","background-type":"","background-media":"","overlay-type":"","overlay-color":"","overlay-opacity":"","overlay-gradient":""},"mobile":{"background-color":"","background-image":"","background-repeat":"repeat","background-position":"center center","background-size":"auto","background-attachment":"scroll","background-type":"","background-media":"","overlay-type":"","overlay-color":"","overlay-opacity":"","overlay-gradient":""}},"ast-content-background-meta":{"desktop":{"background-color":"var(--ast-global-color-5)","background-image":"","background-repeat":"repeat","background-position":"center center","background-size":"auto","background-attachment":"scroll","background-type":"","background-media":"","overlay-type":"","overlay-color":"","overlay-opacity":"","overlay-gradient":""},"tablet":{"background-color":"var(--ast-global-color-5)","background-image":"","background-repeat":"repeat","background-position":"center center","background-size":"auto","background-attachment":"scroll","background-type":"","background-media":"","overlay-type":"","overlay-color":"","overlay-opacity":"","overlay-gradient":""},"mobile":{"background-color":"var(--ast-global-color-5)","background-image":"","background-repeat":"repeat","background-position":"center center","background-size":"auto","background-attachment":"scroll","background-type":"","background-media":"","overlay-type":"","overlay-color":"","overlay-opacity":"","overlay-gradient":""}},"footnotes":""},"class_list":["post-4261","page","type-page","status-publish","hentry"],"_links":{"self":[{"href":"https:\/\/www.zaitrus.de\/en\/wp-json\/wp\/v2\/pages\/4261","targetHints":{"allow":["GET"]}}],"collection":[{"href":"https:\/\/www.zaitrus.de\/en\/wp-json\/wp\/v2\/pages"}],"about":[{"href":"https:\/\/www.zaitrus.de\/en\/wp-json\/wp\/v2\/types\/page"}],"author":[{"embeddable":true,"href":"https:\/\/www.zaitrus.de\/en\/wp-json\/wp\/v2\/users\/7"}],"replies":[{"embeddable":true,"href":"https:\/\/www.zaitrus.de\/en\/wp-json\/wp\/v2\/comments?post=4261"}],"version-history":[{"count":8,"href":"https:\/\/www.zaitrus.de\/en\/wp-json\/wp\/v2\/pages\/4261\/revisions"}],"predecessor-version":[{"id":4353,"href":"https:\/\/www.zaitrus.de\/en\/wp-json\/wp\/v2\/pages\/4261\/revisions\/4353"}],"wp:attachment":[{"href":"https:\/\/www.zaitrus.de\/en\/wp-json\/wp\/v2\/media?parent=4261"}],"curies":[{"name":"wp","href":"https:\/\/api.w.org\/{rel}","templated":true}]}}